{"id":2962,"date":"2022-04-09T15:35:21","date_gmt":"2022-04-09T13:35:21","guid":{"rendered":"http:\/\/bazar.tellus.sk\/?post_type=product&#038;p=2962"},"modified":"2024-01-06T14:47:42","modified_gmt":"2024-01-06T12:47:42","slug":"sietovy-kabel-220-230v-napajaci","status":"publish","type":"product","link":"http:\/\/bazar.tellus.sk\/?product=sietovy-kabel-220-230v-napajaci","title":{"rendered":"Sie\u0165ov\u00fd k\u00e1bel 220\/230V, nap\u00e1jac\u00ed"},"content":{"rendered":"<p>Sie\u0165ov\u00fd k\u00e1bel 220\/230V, nap\u00e1jac\u00ed<\/p>\n<div id=\"themify_builder_content-2962\" data-postid=\"2962\" class=\"themify_builder_content themify_builder_content-2962 themify_builder\">\r\n\r\n    <\/div>\r\n<!-- \/themify_builder_content -->","protected":false},"excerpt":{"rendered":"<p>Sie\u0165ov\u00fd k\u00e1bel 220\/230V, nap\u00e1jac\u00ed<\/p>\n","protected":false},"featured_media":2963,"comment_status":"closed","ping_status":"closed","template":"","meta":[],"product_cat":[689],"product_tag":[],"class_list":{"0":"post-2962","1":"product","2":"type-product","3":"status-publish","4":"has-post-thumbnail","6":"product_cat-napajacie-kable","8":"first","9":"instock","10":"sale","11":"taxable","12":"shipping-taxable","13":"purchasable","14":"product-type-simple","15":"berocket_lgv_grid","16":"berocket_lgv_list_grid"},"aioseo_notices":[],"_links":{"self":[{"href":"http:\/\/bazar.tellus.sk\/index.php?rest_route=\/wp\/v2\/product\/2962","targetHints":{"allow":["GET"]}}],"collection":[{"href":"http:\/\/bazar.tellus.sk\/index.php?rest_route=\/wp\/v2\/product"}],"about":[{"href":"http:\/\/bazar.tellus.sk\/index.php?rest_route=\/wp\/v2\/types\/product"}],"replies":[{"embeddable":true,"href":"http:\/\/bazar.tellus.sk\/index.php?rest_route=%2Fwp%2Fv2%2Fcomments&post=2962"}],"wp:featuredmedia":[{"embeddable":true,"href":"http:\/\/bazar.tellus.sk\/index.php?rest_route=\/wp\/v2\/media\/2963"}],"wp:attachment":[{"href":"http:\/\/bazar.tellus.sk\/index.php?rest_route=%2Fwp%2Fv2%2Fmedia&parent=2962"}],"wp:term":[{"taxonomy":"product_cat","embeddable":true,"href":"http:\/\/bazar.tellus.sk\/index.php?rest_route=%2Fwp%2Fv2%2Fproduct_cat&post=2962"},{"taxonomy":"product_tag","embeddable":true,"href":"http:\/\/bazar.tellus.sk\/index.php?rest_route=%2Fwp%2Fv2%2Fproduct_tag&post=2962"}],"curies":[{"name":"wp","href":"https:\/\/api.w.org\/{rel}","templated":true}]}}