{"id":2939,"date":"2020-12-23T17:24:06","date_gmt":"2020-12-23T15:24:06","guid":{"rendered":"http:\/\/bazar.tellus.sk\/?post_type=product&#038;p=2939"},"modified":"2020-12-23T17:24:06","modified_gmt":"2020-12-23T15:24:06","slug":"toner-hp-or-h5949x-7553x-cierny-alternativny-uplne-novy-orink","status":"publish","type":"product","link":"http:\/\/bazar.tellus.sk\/?product=toner-hp-or-h5949x-7553x-cierny-alternativny-uplne-novy-orink","title":{"rendered":"Toner HP OR-H5949X\/7553X \u010cierny \u2013 Alternat\u00edvny, \u00faplne nov\u00fd (Orink)"},"content":{"rendered":"<pre><span style=\"font-family: arial, helvetica, sans-serif;\">Pou\u017eite\u013en\u00e9 v:\r\n<\/span>\r\n<span style=\"font-family: arial, helvetica, sans-serif;\"><strong>HP LaserJet<\/strong>\r\n1320<\/span><span style=\"font-family: arial, helvetica, sans-serif;\">1320N<\/span><span style=\"font-family: arial, helvetica, sans-serif;\">1320TN<\/span><span style=\"font-family: arial, helvetica, sans-serif;\">3390MFP<\/span><span style=\"font-family: arial, helvetica, sans-serif;\">3392MFP<\/span><span style=\"font-family: arial, helvetica, sans-serif;\">P2014<\/span><span style=\"font-family: arial, helvetica, sans-serif;\">P2015<\/span>\r\n<span style=\"font-family: arial, helvetica, sans-serif;\">M2727<\/span>\r\n\r\n<strong><span style=\"font-family: arial, helvetica, sans-serif;\">Canon<\/span><\/strong>\r\n<span style=\"font-family: arial, helvetica, sans-serif;\">LBP3300<\/span>\r\n<span style=\"font-family: arial, helvetica, sans-serif;\">3360<\/span>\r\n<span style=\"font-family: arial, helvetica, sans-serif;\">3310<\/span>\r\n<span style=\"font-family: arial, helvetica, sans-serif;\">3370<\/span>\r\n\r\n<\/pre>\n<div id=\"themify_builder_content-2939\" data-postid=\"2939\" class=\"themify_builder_content themify_builder_content-2939 themify_builder\">\r\n\r\n    <\/div>\r\n<!-- \/themify_builder_content -->","protected":false},"excerpt":{"rendered":"<p>Pou\u017eite\u013en\u00e9 v: HP LaserJet 13201320N1320TN3390MFP3392MFPP2014P2015 M2727 Canon LBP3300 3360 3310 3370<\/p>\n","protected":false},"featured_media":2940,"comment_status":"closed","ping_status":"closed","template":"","meta":[],"product_cat":[667,651],"product_tag":[677],"class_list":{"0":"post-2939","1":"product","2":"type-product","3":"status-publish","4":"has-post-thumbnail","6":"product_cat-nove","7":"product_cat-tonery-cartridge","8":"product_tag-7553x","10":"first","11":"instock","12":"sale","13":"taxable","14":"shipping-taxable","15":"purchasable","16":"product-type-simple","17":"berocket_lgv_grid","18":"berocket_lgv_list_grid"},"aioseo_notices":[],"_links":{"self":[{"href":"http:\/\/bazar.tellus.sk\/index.php?rest_route=\/wp\/v2\/product\/2939","targetHints":{"allow":["GET"]}}],"collection":[{"href":"http:\/\/bazar.tellus.sk\/index.php?rest_route=\/wp\/v2\/product"}],"about":[{"href":"http:\/\/bazar.tellus.sk\/index.php?rest_route=\/wp\/v2\/types\/product"}],"replies":[{"embeddable":true,"href":"http:\/\/bazar.tellus.sk\/index.php?rest_route=%2Fwp%2Fv2%2Fcomments&post=2939"}],"wp:featuredmedia":[{"embeddable":true,"href":"http:\/\/bazar.tellus.sk\/index.php?rest_route=\/wp\/v2\/media\/2940"}],"wp:attachment":[{"href":"http:\/\/bazar.tellus.sk\/index.php?rest_route=%2Fwp%2Fv2%2Fmedia&parent=2939"}],"wp:term":[{"taxonomy":"product_cat","embeddable":true,"href":"http:\/\/bazar.tellus.sk\/index.php?rest_route=%2Fwp%2Fv2%2Fproduct_cat&post=2939"},{"taxonomy":"product_tag","embeddable":true,"href":"http:\/\/bazar.tellus.sk\/index.php?rest_route=%2Fwp%2Fv2%2Fproduct_tag&post=2939"}],"curies":[{"name":"wp","href":"https:\/\/api.w.org\/{rel}","templated":true}]}}