{"id":2783,"date":"2019-08-01T11:12:28","date_gmt":"2019-08-01T09:12:28","guid":{"rendered":"http:\/\/bazar.tellus.sk\/?post_type=product&#038;p=2783"},"modified":"2019-08-01T11:19:02","modified_gmt":"2019-08-01T09:19:02","slug":"zyxel-es-108e","status":"publish","type":"product","link":"http:\/\/bazar.tellus.sk\/?product=zyxel-es-108e","title":{"rendered":"Zyxel ES-108E"},"content":{"rendered":"<p>Plug and Play Switch ZyXEL ES-108E pon\u00faka osem Fast Ethernetov\u00fdch portov pre jednoduch\u00e9 roz\u0161\u00edrenie dom\u00e1cej siete. V\u010faka kompaktn\u00e9mu dizajnu sa hod\u00ed do ak\u00e9hoko\u013evek dom\u00e1ceho prostredia. Volite\u013en\u00e1 in\u0161tal\u00e1cia na stenu navy\u0161e umo\u017e\u0148uje maxim\u00e1lne uspori\u0165 priestory izby. Tento switch je ide\u00e1lnym rie\u0161en\u00edm pre distrib\u00faciu d\u00e1t, on-line hry, multimedi\u00e1lne prenosy a streamovan\u00e9 aplik\u00e1cie.<\/p>\n<p><strong>Parametre a \u0161pecifik\u00e1cie:\u00a0<\/strong><\/p>\n<p><strong>Rozhranie:\u00a0<\/strong><br \/>\n8x 10\/100 Mbps Ethernet porty<\/p>\n<p><strong>Kompatibiln\u00e9 \u0161tandardy:\u00a0<\/strong><br \/>\nIEEE 802.3 10Base-T Ethernet<br \/>\nIEEE 802.3u 100Base-TX Fast Ethernet<br \/>\nIEEE 802.3 Nway auto-negotiation<br \/>\nIEEE 802.3x full duplex operation and flow control<\/p>\n<p><strong>V\u00fdkon:\u00a0<\/strong><br \/>\nR\u00fdchlos\u0165 prenosu d\u00e1t (Half duplex\/Full duplex): Ethernet: 10\/20 Mbps, Fast Ethernet: 100\/200 Mbps<br \/>\nTabu\u013eka MAC adries: 1K<br \/>\nVyrovn\u00e1vacia pam\u00e4\u0165: 96 KB<br \/>\nPrep\u00ednanie (bez blokovania): 1,6 Gbps<\/p>\n<p><strong>Vlastnosti:\u00a0<\/strong><br \/>\nAuto-MDI\/MDIX na v\u0161etk\u00fdch portoch<br \/>\nMet\u00f3da prenosu: store-and-forward<\/p>\n<p><strong>LED indik\u00e1cia:\u00a0<\/strong><br \/>\nPWR: zapnutie<br \/>\nNa port: Link\/Activity<\/p>\n<p><strong>Nap\u00e1janie:\u00a0<\/strong><br \/>\nExtern\u00fd nap\u00e1jac\u00ed adapt\u00e9r<br \/>\nVstup: 100 &#8211; 240 V AC<br \/>\nV\u00fdstup: 9 V DC, 0,6 A<br \/>\nMaxim\u00e1lna spotreba: 3,7 W<\/p>\n<p><strong>Prevedenie:\u00a0<\/strong><br \/>\nRozmery: 142 x 87 x 28 mm<br \/>\nHmotnos\u0165: 160 g<\/p>\n<div id=\"themify_builder_content-2783\" data-postid=\"2783\" class=\"themify_builder_content themify_builder_content-2783 themify_builder\">\r\n\r\n    <\/div>\r\n<!-- \/themify_builder_content -->","protected":false},"excerpt":{"rendered":"<p>Plug and Play Switch ZyXEL ES-108E pon\u00faka osem Fast Ethernetov\u00fdch portov pre jednoduch\u00e9 roz\u0161\u00edrenie dom\u00e1cej siete. V\u010faka kompaktn\u00e9mu dizajnu sa hod\u00ed do ak\u00e9hoko\u013evek dom\u00e1ceho prostredia. Volite\u013en\u00e1 in\u0161tal\u00e1cia na stenu navy\u0161e umo\u017e\u0148uje maxim\u00e1lne uspori\u0165 priestory izby. Tento switch je ide\u00e1lnym rie\u0161en\u00edm pre distrib\u00faciu d\u00e1t, on-line hry, multimedi\u00e1lne prenosy a streamovan\u00e9 aplik\u00e1cie. Parametre a \u0161pecifik\u00e1cie:\u00a0 Rozhranie:\u00a0 8x [&hellip;]<\/p>\n","protected":false},"featured_media":2784,"comment_status":"closed","ping_status":"closed","template":"","meta":[],"product_cat":[63],"product_tag":[],"class_list":{"0":"post-2783","1":"product","2":"type-product","3":"status-publish","4":"has-post-thumbnail","6":"product_cat-sietove-prvky","8":"first","9":"instock","10":"taxable","11":"shipping-taxable","12":"purchasable","13":"product-type-simple","14":"berocket_lgv_grid","15":"berocket_lgv_list_grid"},"aioseo_notices":[],"_links":{"self":[{"href":"http:\/\/bazar.tellus.sk\/index.php?rest_route=\/wp\/v2\/product\/2783","targetHints":{"allow":["GET"]}}],"collection":[{"href":"http:\/\/bazar.tellus.sk\/index.php?rest_route=\/wp\/v2\/product"}],"about":[{"href":"http:\/\/bazar.tellus.sk\/index.php?rest_route=\/wp\/v2\/types\/product"}],"replies":[{"embeddable":true,"href":"http:\/\/bazar.tellus.sk\/index.php?rest_route=%2Fwp%2Fv2%2Fcomments&post=2783"}],"wp:featuredmedia":[{"embeddable":true,"href":"http:\/\/bazar.tellus.sk\/index.php?rest_route=\/wp\/v2\/media\/2784"}],"wp:attachment":[{"href":"http:\/\/bazar.tellus.sk\/index.php?rest_route=%2Fwp%2Fv2%2Fmedia&parent=2783"}],"wp:term":[{"taxonomy":"product_cat","embeddable":true,"href":"http:\/\/bazar.tellus.sk\/index.php?rest_route=%2Fwp%2Fv2%2Fproduct_cat&post=2783"},{"taxonomy":"product_tag","embeddable":true,"href":"http:\/\/bazar.tellus.sk\/index.php?rest_route=%2Fwp%2Fv2%2Fproduct_tag&post=2783"}],"curies":[{"name":"wp","href":"https:\/\/api.w.org\/{rel}","templated":true}]}}