{"id":2719,"date":"2019-07-18T11:57:19","date_gmt":"2019-07-18T09:57:19","guid":{"rendered":"http:\/\/bazar.tellus.sk\/?post_type=product&#038;p=2719"},"modified":"2020-12-23T16:25:28","modified_gmt":"2020-12-23T14:25:28","slug":"toner-hp-q6001a-alternativny-uplne-novy-xerox","status":"publish","type":"product","link":"http:\/\/bazar.tellus.sk\/?product=toner-hp-q6001a-alternativny-uplne-novy-xerox","title":{"rendered":"Toner HP Q6001A &#8211; Alternat\u00edvny, \u00faplne nov\u00fd (xerox)"},"content":{"rendered":"<p>Pou\u017eite\u013en\u00e9 do:<\/p>\n<p>HP Colour LaserJet 1600\/2600n\/2605 Series\/CM1015 MFP\/CM1017 MFP<\/p>\n<div id=\"themify_builder_content-2719\" data-postid=\"2719\" class=\"themify_builder_content themify_builder_content-2719 themify_builder\">\r\n\r\n    <\/div>\r\n<!-- \/themify_builder_content -->","protected":false},"excerpt":{"rendered":"<p>Pou\u017eite\u013en\u00e9 do: HP Colour LaserJet 1600\/2600n\/2605 Series\/CM1015 MFP\/CM1017 MFP<\/p>\n","protected":false},"featured_media":2720,"comment_status":"closed","ping_status":"closed","template":"","meta":[],"product_cat":[667,651],"product_tag":[],"class_list":{"0":"post-2719","1":"product","2":"type-product","3":"status-publish","4":"has-post-thumbnail","6":"product_cat-nove","7":"product_cat-tonery-cartridge","9":"first","10":"instock","11":"sale","12":"taxable","13":"shipping-taxable","14":"purchasable","15":"product-type-simple","16":"berocket_lgv_grid","17":"berocket_lgv_list_grid"},"aioseo_notices":[],"_links":{"self":[{"href":"http:\/\/bazar.tellus.sk\/index.php?rest_route=\/wp\/v2\/product\/2719","targetHints":{"allow":["GET"]}}],"collection":[{"href":"http:\/\/bazar.tellus.sk\/index.php?rest_route=\/wp\/v2\/product"}],"about":[{"href":"http:\/\/bazar.tellus.sk\/index.php?rest_route=\/wp\/v2\/types\/product"}],"replies":[{"embeddable":true,"href":"http:\/\/bazar.tellus.sk\/index.php?rest_route=%2Fwp%2Fv2%2Fcomments&post=2719"}],"wp:featuredmedia":[{"embeddable":true,"href":"http:\/\/bazar.tellus.sk\/index.php?rest_route=\/wp\/v2\/media\/2720"}],"wp:attachment":[{"href":"http:\/\/bazar.tellus.sk\/index.php?rest_route=%2Fwp%2Fv2%2Fmedia&parent=2719"}],"wp:term":[{"taxonomy":"product_cat","embeddable":true,"href":"http:\/\/bazar.tellus.sk\/index.php?rest_route=%2Fwp%2Fv2%2Fproduct_cat&post=2719"},{"taxonomy":"product_tag","embeddable":true,"href":"http:\/\/bazar.tellus.sk\/index.php?rest_route=%2Fwp%2Fv2%2Fproduct_tag&post=2719"}],"curies":[{"name":"wp","href":"https:\/\/api.w.org\/{rel}","templated":true}]}}