{"id":2700,"date":"2019-07-17T14:13:00","date_gmt":"2019-07-17T12:13:00","guid":{"rendered":"http:\/\/bazar.tellus.sk\/?post_type=product&#038;p=2700"},"modified":"2020-01-28T11:46:19","modified_gmt":"2020-01-28T09:46:19","slug":"toner-hp-lhcf279a-alternativny-uplne-novy-orink-eco","status":"publish","type":"product","link":"http:\/\/bazar.tellus.sk\/?product=toner-hp-lhcf279a-alternativny-uplne-novy-orink-eco","title":{"rendered":"Toner HP LHCF279A &#8211; Alternat\u00edvny, \u00faplne nov\u00fd (economy)"},"content":{"rendered":"<p>Pou\u017eite\u013en\u00e9 do:<\/p>\n<p>M12A\/M12W<\/p>\n<p>MFP M26a\/M26W\/NW<\/p>\n<div id=\"themify_builder_content-2700\" data-postid=\"2700\" class=\"themify_builder_content themify_builder_content-2700 themify_builder\">\r\n\r\n    <\/div>\r\n<!-- \/themify_builder_content -->","protected":false},"excerpt":{"rendered":"<p>Pou\u017eite\u013en\u00e9 do: M12A\/M12W MFP M26a\/M26W\/NW<\/p>\n","protected":false},"featured_media":2701,"comment_status":"closed","ping_status":"closed","template":"","meta":[],"product_cat":[651],"product_tag":[],"class_list":{"0":"post-2700","1":"product","2":"type-product","3":"status-publish","4":"has-post-thumbnail","6":"product_cat-tonery-cartridge","8":"first","9":"outofstock","10":"sale","11":"taxable","12":"shipping-taxable","13":"purchasable","14":"product-type-simple","15":"berocket_lgv_grid","16":"berocket_lgv_list_grid"},"aioseo_notices":[],"_links":{"self":[{"href":"http:\/\/bazar.tellus.sk\/index.php?rest_route=\/wp\/v2\/product\/2700","targetHints":{"allow":["GET"]}}],"collection":[{"href":"http:\/\/bazar.tellus.sk\/index.php?rest_route=\/wp\/v2\/product"}],"about":[{"href":"http:\/\/bazar.tellus.sk\/index.php?rest_route=\/wp\/v2\/types\/product"}],"replies":[{"embeddable":true,"href":"http:\/\/bazar.tellus.sk\/index.php?rest_route=%2Fwp%2Fv2%2Fcomments&post=2700"}],"wp:featuredmedia":[{"embeddable":true,"href":"http:\/\/bazar.tellus.sk\/index.php?rest_route=\/wp\/v2\/media\/2701"}],"wp:attachment":[{"href":"http:\/\/bazar.tellus.sk\/index.php?rest_route=%2Fwp%2Fv2%2Fmedia&parent=2700"}],"wp:term":[{"taxonomy":"product_cat","embeddable":true,"href":"http:\/\/bazar.tellus.sk\/index.php?rest_route=%2Fwp%2Fv2%2Fproduct_cat&post=2700"},{"taxonomy":"product_tag","embeddable":true,"href":"http:\/\/bazar.tellus.sk\/index.php?rest_route=%2Fwp%2Fv2%2Fproduct_tag&post=2700"}],"curies":[{"name":"wp","href":"https:\/\/api.w.org\/{rel}","templated":true}]}}