{"id":2688,"date":"2019-07-17T12:59:38","date_gmt":"2019-07-17T10:59:38","guid":{"rendered":"http:\/\/bazar.tellus.sk\/?post_type=product&#038;p=2688"},"modified":"2020-12-23T16:24:17","modified_gmt":"2020-12-23T14:24:17","slug":"toner-scx-430-or-sml-t109-alternativny-uplne-novy-orink","status":"publish","type":"product","link":"http:\/\/bazar.tellus.sk\/?product=toner-scx-430-or-sml-t109-alternativny-uplne-novy-orink","title":{"rendered":"Toner SCX-430 OR-SML-T109 &#8211; Alternat\u00edvny, \u00faplne nov\u00fd (Orink)"},"content":{"rendered":"<p>Pou\u017eite\u013en\u00fd do:<\/p>\n<p>SCX-430<\/p>\n<div id=\"themify_builder_content-2688\" data-postid=\"2688\" class=\"themify_builder_content themify_builder_content-2688 themify_builder\">\r\n\r\n    <\/div>\r\n<!-- \/themify_builder_content -->","protected":false},"excerpt":{"rendered":"<p>Pou\u017eite\u013en\u00fd do: SCX-430<\/p>\n","protected":false},"featured_media":2689,"comment_status":"closed","ping_status":"closed","template":"","meta":[],"product_cat":[667,651],"product_tag":[],"class_list":{"0":"post-2688","1":"product","2":"type-product","3":"status-publish","4":"has-post-thumbnail","6":"product_cat-nove","7":"product_cat-tonery-cartridge","9":"first","10":"instock","11":"sale","12":"taxable","13":"shipping-taxable","14":"purchasable","15":"product-type-simple","16":"berocket_lgv_grid","17":"berocket_lgv_list_grid"},"aioseo_notices":[],"_links":{"self":[{"href":"http:\/\/bazar.tellus.sk\/index.php?rest_route=\/wp\/v2\/product\/2688","targetHints":{"allow":["GET"]}}],"collection":[{"href":"http:\/\/bazar.tellus.sk\/index.php?rest_route=\/wp\/v2\/product"}],"about":[{"href":"http:\/\/bazar.tellus.sk\/index.php?rest_route=\/wp\/v2\/types\/product"}],"replies":[{"embeddable":true,"href":"http:\/\/bazar.tellus.sk\/index.php?rest_route=%2Fwp%2Fv2%2Fcomments&post=2688"}],"wp:featuredmedia":[{"embeddable":true,"href":"http:\/\/bazar.tellus.sk\/index.php?rest_route=\/wp\/v2\/media\/2689"}],"wp:attachment":[{"href":"http:\/\/bazar.tellus.sk\/index.php?rest_route=%2Fwp%2Fv2%2Fmedia&parent=2688"}],"wp:term":[{"taxonomy":"product_cat","embeddable":true,"href":"http:\/\/bazar.tellus.sk\/index.php?rest_route=%2Fwp%2Fv2%2Fproduct_cat&post=2688"},{"taxonomy":"product_tag","embeddable":true,"href":"http:\/\/bazar.tellus.sk\/index.php?rest_route=%2Fwp%2Fv2%2Fproduct_tag&post=2688"}],"curies":[{"name":"wp","href":"https:\/\/api.w.org\/{rel}","templated":true}]}}