{"id":2685,"date":"2019-07-17T12:51:28","date_gmt":"2019-07-17T10:51:28","guid":{"rendered":"http:\/\/bazar.tellus.sk\/?post_type=product&#038;p=2685"},"modified":"2020-12-23T16:26:47","modified_gmt":"2020-12-23T14:26:47","slug":"toner-laserjet-or-rh3961a-alternativny-uplne-novy-orink","status":"publish","type":"product","link":"http:\/\/bazar.tellus.sk\/?product=toner-laserjet-or-rh3961a-alternativny-uplne-novy-orink","title":{"rendered":"Toner LaserJet OR-RH3961A &#8211; Alternat\u00edvny, \u00faplne nov\u00fd (Orink)"},"content":{"rendered":"<p>Pou\u017eite\u013en\u00fd do:<\/p>\n<p>Color LaserJet 2550L<\/p>\n<p>Color LaserJet 2550LN<\/p>\n<p>Color LaserJet 2550N<\/p>\n<p>Color LaserJet 2800Series<\/p>\n<p>Color LaserJet 2820<\/p>\n<p>Color LaserJet 2840<\/p>\n<div id=\"themify_builder_content-2685\" data-postid=\"2685\" class=\"themify_builder_content themify_builder_content-2685 themify_builder\">\r\n\r\n    <\/div>\r\n<!-- \/themify_builder_content -->","protected":false},"excerpt":{"rendered":"<p>Pou\u017eite\u013en\u00fd do: Color LaserJet 2550L Color LaserJet 2550LN Color LaserJet 2550N Color LaserJet 2800Series Color LaserJet 2820 Color LaserJet 2840<\/p>\n","protected":false},"featured_media":2682,"comment_status":"closed","ping_status":"closed","template":"","meta":[],"product_cat":[667,651],"product_tag":[],"class_list":{"0":"post-2685","1":"product","2":"type-product","3":"status-publish","4":"has-post-thumbnail","6":"product_cat-nove","7":"product_cat-tonery-cartridge","9":"first","10":"instock","11":"sale","12":"taxable","13":"shipping-taxable","14":"purchasable","15":"product-type-simple","16":"berocket_lgv_grid","17":"berocket_lgv_list_grid"},"aioseo_notices":[],"_links":{"self":[{"href":"http:\/\/bazar.tellus.sk\/index.php?rest_route=\/wp\/v2\/product\/2685","targetHints":{"allow":["GET"]}}],"collection":[{"href":"http:\/\/bazar.tellus.sk\/index.php?rest_route=\/wp\/v2\/product"}],"about":[{"href":"http:\/\/bazar.tellus.sk\/index.php?rest_route=\/wp\/v2\/types\/product"}],"replies":[{"embeddable":true,"href":"http:\/\/bazar.tellus.sk\/index.php?rest_route=%2Fwp%2Fv2%2Fcomments&post=2685"}],"wp:featuredmedia":[{"embeddable":true,"href":"http:\/\/bazar.tellus.sk\/index.php?rest_route=\/wp\/v2\/media\/2682"}],"wp:attachment":[{"href":"http:\/\/bazar.tellus.sk\/index.php?rest_route=%2Fwp%2Fv2%2Fmedia&parent=2685"}],"wp:term":[{"taxonomy":"product_cat","embeddable":true,"href":"http:\/\/bazar.tellus.sk\/index.php?rest_route=%2Fwp%2Fv2%2Fproduct_cat&post=2685"},{"taxonomy":"product_tag","embeddable":true,"href":"http:\/\/bazar.tellus.sk\/index.php?rest_route=%2Fwp%2Fv2%2Fproduct_tag&post=2685"}],"curies":[{"name":"wp","href":"https:\/\/api.w.org\/{rel}","templated":true}]}}