{"id":2671,"date":"2019-07-17T11:47:16","date_gmt":"2019-07-17T09:47:16","guid":{"rendered":"http:\/\/bazar.tellus.sk\/?post_type=product&#038;p=2671"},"modified":"2020-12-23T16:41:55","modified_gmt":"2020-12-23T14:41:55","slug":"toner-oki-c3500-3520-yellow-alternativny-uplne-novy-orink","status":"publish","type":"product","link":"http:\/\/bazar.tellus.sk\/?product=toner-oki-c3500-3520-yellow-alternativny-uplne-novy-orink","title":{"rendered":"Toner OKI C3500\/3520 Yellow &#8211; Alternat\u00edvny, \u00faplne nov\u00fd (Orink)"},"content":{"rendered":"<p>Pou\u017eite\u013en\u00fd do:<\/p>\n<p>OKI C3500<\/p>\n<p>OKI C3520<\/p>\n<div id=\"themify_builder_content-2671\" data-postid=\"2671\" class=\"themify_builder_content themify_builder_content-2671 themify_builder\">\r\n\r\n    <\/div>\r\n<!-- \/themify_builder_content -->","protected":false},"excerpt":{"rendered":"<p>Pou\u017eite\u013en\u00fd do: OKI C3500 OKI C3520<\/p>\n","protected":false},"featured_media":2673,"comment_status":"closed","ping_status":"closed","template":"","meta":[],"product_cat":[667,651],"product_tag":[676],"class_list":{"0":"post-2671","1":"product","2":"type-product","3":"status-publish","4":"has-post-thumbnail","6":"product_cat-nove","7":"product_cat-tonery-cartridge","8":"product_tag-toc","10":"first","11":"instock","12":"sale","13":"taxable","14":"shipping-taxable","15":"purchasable","16":"product-type-simple","17":"berocket_lgv_grid","18":"berocket_lgv_list_grid"},"aioseo_notices":[],"_links":{"self":[{"href":"http:\/\/bazar.tellus.sk\/index.php?rest_route=\/wp\/v2\/product\/2671","targetHints":{"allow":["GET"]}}],"collection":[{"href":"http:\/\/bazar.tellus.sk\/index.php?rest_route=\/wp\/v2\/product"}],"about":[{"href":"http:\/\/bazar.tellus.sk\/index.php?rest_route=\/wp\/v2\/types\/product"}],"replies":[{"embeddable":true,"href":"http:\/\/bazar.tellus.sk\/index.php?rest_route=%2Fwp%2Fv2%2Fcomments&post=2671"}],"wp:featuredmedia":[{"embeddable":true,"href":"http:\/\/bazar.tellus.sk\/index.php?rest_route=\/wp\/v2\/media\/2673"}],"wp:attachment":[{"href":"http:\/\/bazar.tellus.sk\/index.php?rest_route=%2Fwp%2Fv2%2Fmedia&parent=2671"}],"wp:term":[{"taxonomy":"product_cat","embeddable":true,"href":"http:\/\/bazar.tellus.sk\/index.php?rest_route=%2Fwp%2Fv2%2Fproduct_cat&post=2671"},{"taxonomy":"product_tag","embeddable":true,"href":"http:\/\/bazar.tellus.sk\/index.php?rest_route=%2Fwp%2Fv2%2Fproduct_tag&post=2671"}],"curies":[{"name":"wp","href":"https:\/\/api.w.org\/{rel}","templated":true}]}}