{"id":251,"date":"2015-03-02T14:59:12","date_gmt":"2015-03-02T12:59:12","guid":{"rendered":"http:\/\/bazar.tellus.sk\/?post_type=product&#038;p=251"},"modified":"2020-12-23T16:01:08","modified_gmt":"2020-12-23T14:01:08","slug":"icy-box-ib-nas3221","status":"publish","type":"product","link":"http:\/\/bazar.tellus.sk\/?product=icy-box-ib-nas3221","title":{"rendered":"ICY BOX IB-NAS3221"},"content":{"rendered":"<div id=\"themify_builder_content-251\" data-postid=\"251\" class=\"themify_builder_content themify_builder_content-251 themify_builder\">\r\n\r\n    <\/div>\r\n<!-- \/themify_builder_content -->","protected":false},"excerpt":{"rendered":"<p>IB-NAS3221 23011 je profesion\u00e1lny, multimedi\u00e1lny NAS (Network Attached Storage) + RAID 0\/1 syst\u00e9m. One Touch Backup! EasySwap\u00ae-(bez skrutkovania pevn\u00fdch diskov)!<\/p>\n<p>Mo\u017enos\u0165 pou\u017ei\u0165 ako FTP, DHCP, NFS a Samba server, podporuje iTunes a BiTorrent, Print Server<\/p>\n<p>Podporuje a\u017e dva 3,5&#8243; SATA HDD, ve\u013ekos\u0165 disku neobmedzen\u00e1!<\/p>\n<ul>\n<li>Rozhranie: Ethernet 10\/100\/1000 Mbit<\/li>\n<li>Roz\u0161\u00edrite\u013enos\u0165: 1 x USB 2,0 \u00a0(pre pripojenie \u010fal\u0161ieho disku, flashky, alebo tla\u010diarne)<\/li>\n<\/ul>\n","protected":false},"featured_media":253,"comment_status":"open","ping_status":"closed","template":"","meta":[],"product_cat":[63],"product_tag":[64],"class_list":{"0":"post-251","1":"product","2":"type-product","3":"status-publish","4":"has-post-thumbnail","6":"product_cat-sietove-prvky","7":"product_tag-ib-nas3221","9":"first","10":"outofstock","11":"sale","12":"taxable","13":"shipping-taxable","14":"purchasable","15":"product-type-simple","16":"berocket_lgv_grid","17":"berocket_lgv_list_grid"},"aioseo_notices":[],"_links":{"self":[{"href":"http:\/\/bazar.tellus.sk\/index.php?rest_route=\/wp\/v2\/product\/251","targetHints":{"allow":["GET"]}}],"collection":[{"href":"http:\/\/bazar.tellus.sk\/index.php?rest_route=\/wp\/v2\/product"}],"about":[{"href":"http:\/\/bazar.tellus.sk\/index.php?rest_route=\/wp\/v2\/types\/product"}],"replies":[{"embeddable":true,"href":"http:\/\/bazar.tellus.sk\/index.php?rest_route=%2Fwp%2Fv2%2Fcomments&post=251"}],"wp:featuredmedia":[{"embeddable":true,"href":"http:\/\/bazar.tellus.sk\/index.php?rest_route=\/wp\/v2\/media\/253"}],"wp:attachment":[{"href":"http:\/\/bazar.tellus.sk\/index.php?rest_route=%2Fwp%2Fv2%2Fmedia&parent=251"}],"wp:term":[{"taxonomy":"product_cat","embeddable":true,"href":"http:\/\/bazar.tellus.sk\/index.php?rest_route=%2Fwp%2Fv2%2Fproduct_cat&post=251"},{"taxonomy":"product_tag","embeddable":true,"href":"http:\/\/bazar.tellus.sk\/index.php?rest_route=%2Fwp%2Fv2%2Fproduct_tag&post=251"}],"curies":[{"name":"wp","href":"https:\/\/api.w.org\/{rel}","templated":true}]}}