{"id":2245,"date":"2017-10-25T09:56:52","date_gmt":"2017-10-25T07:56:52","guid":{"rendered":"http:\/\/bazar.tellus.sk\/?post_type=product&#038;p=2245"},"modified":"2017-10-25T09:56:52","modified_gmt":"2017-10-25T07:56:52","slug":"nanya-ddr2-2gb","status":"publish","type":"product","link":"http:\/\/bazar.tellus.sk\/?product=nanya-ddr2-2gb","title":{"rendered":"Nanya DDR2 2GB"},"content":{"rendered":"<h1>NT2GT64U8HD0BN-AD<\/h1>\n<p>Opera\u010dn\u00ed pam\u011b\u0165 (RAM) Nanya NT2GT64U8HD0BN-AD, DDR2, 2GB, 800MHz [N42-DDR2]<\/p>\n<div id=\"themify_builder_content-2245\" data-postid=\"2245\" class=\"themify_builder_content themify_builder_content-2245 themify_builder\">\r\n\r\n    <\/div>\r\n<!-- \/themify_builder_content -->","protected":false},"excerpt":{"rendered":"<p>R1<\/p>\n","protected":false},"featured_media":2246,"comment_status":"closed","ping_status":"closed","template":"","meta":[],"product_cat":[630],"product_tag":[],"class_list":{"0":"post-2245","1":"product","2":"type-product","3":"status-publish","4":"has-post-thumbnail","6":"product_cat-630","8":"first","9":"instock","10":"taxable","11":"shipping-taxable","12":"purchasable","13":"product-type-simple","14":"berocket_lgv_grid","15":"berocket_lgv_list_grid"},"aioseo_notices":[],"_links":{"self":[{"href":"http:\/\/bazar.tellus.sk\/index.php?rest_route=\/wp\/v2\/product\/2245","targetHints":{"allow":["GET"]}}],"collection":[{"href":"http:\/\/bazar.tellus.sk\/index.php?rest_route=\/wp\/v2\/product"}],"about":[{"href":"http:\/\/bazar.tellus.sk\/index.php?rest_route=\/wp\/v2\/types\/product"}],"replies":[{"embeddable":true,"href":"http:\/\/bazar.tellus.sk\/index.php?rest_route=%2Fwp%2Fv2%2Fcomments&post=2245"}],"wp:featuredmedia":[{"embeddable":true,"href":"http:\/\/bazar.tellus.sk\/index.php?rest_route=\/wp\/v2\/media\/2246"}],"wp:attachment":[{"href":"http:\/\/bazar.tellus.sk\/index.php?rest_route=%2Fwp%2Fv2%2Fmedia&parent=2245"}],"wp:term":[{"taxonomy":"product_cat","embeddable":true,"href":"http:\/\/bazar.tellus.sk\/index.php?rest_route=%2Fwp%2Fv2%2Fproduct_cat&post=2245"},{"taxonomy":"product_tag","embeddable":true,"href":"http:\/\/bazar.tellus.sk\/index.php?rest_route=%2Fwp%2Fv2%2Fproduct_tag&post=2245"}],"curies":[{"name":"wp","href":"https:\/\/api.w.org\/{rel}","templated":true}]}}