{"id":1491,"date":"2016-04-13T13:06:08","date_gmt":"2016-04-13T11:06:08","guid":{"rendered":"http:\/\/bazar.tellus.sk\/?post_type=product&#038;p=1491"},"modified":"2016-06-21T11:06:19","modified_gmt":"2016-06-21T09:06:19","slug":"sunde-internetovy-pocitac-sd-800-tenky-klient","status":"publish","type":"product","link":"http:\/\/bazar.tellus.sk\/?product=sunde-internetovy-pocitac-sd-800-tenky-klient","title":{"rendered":"SUNDE Internetov\u00fd po\u010dita\u010d SD 800 (Tenk\u00fd klient)"},"content":{"rendered":"<p>Podporuje Windows XP, 2000 a 2003 OS<\/p>\n<div id=\"themify_builder_content-1491\" data-postid=\"1491\" class=\"themify_builder_content themify_builder_content-1491 themify_builder\">\r\n\r\n    <\/div>\r\n<!-- \/themify_builder_content -->","protected":false},"excerpt":{"rendered":"<p>537332000168006373<\/p>\n","protected":false},"featured_media":1492,"comment_status":"closed","ping_status":"closed","template":"","meta":[],"product_cat":[63],"product_tag":[496],"class_list":{"0":"post-1491","1":"product","2":"type-product","3":"status-publish","4":"has-post-thumbnail","6":"product_cat-sietove-prvky","7":"product_tag-496","9":"first","10":"outofstock","11":"taxable","12":"shipping-taxable","13":"purchasable","14":"product-type-simple","15":"berocket_lgv_grid","16":"berocket_lgv_list_grid"},"aioseo_notices":[],"_links":{"self":[{"href":"http:\/\/bazar.tellus.sk\/index.php?rest_route=\/wp\/v2\/product\/1491","targetHints":{"allow":["GET"]}}],"collection":[{"href":"http:\/\/bazar.tellus.sk\/index.php?rest_route=\/wp\/v2\/product"}],"about":[{"href":"http:\/\/bazar.tellus.sk\/index.php?rest_route=\/wp\/v2\/types\/product"}],"replies":[{"embeddable":true,"href":"http:\/\/bazar.tellus.sk\/index.php?rest_route=%2Fwp%2Fv2%2Fcomments&post=1491"}],"wp:featuredmedia":[{"embeddable":true,"href":"http:\/\/bazar.tellus.sk\/index.php?rest_route=\/wp\/v2\/media\/1492"}],"wp:attachment":[{"href":"http:\/\/bazar.tellus.sk\/index.php?rest_route=%2Fwp%2Fv2%2Fmedia&parent=1491"}],"wp:term":[{"taxonomy":"product_cat","embeddable":true,"href":"http:\/\/bazar.tellus.sk\/index.php?rest_route=%2Fwp%2Fv2%2Fproduct_cat&post=1491"},{"taxonomy":"product_tag","embeddable":true,"href":"http:\/\/bazar.tellus.sk\/index.php?rest_route=%2Fwp%2Fv2%2Fproduct_tag&post=1491"}],"curies":[{"name":"wp","href":"https:\/\/api.w.org\/{rel}","templated":true}]}}