{"id":1461,"date":"2016-04-12T11:56:36","date_gmt":"2016-04-12T09:56:36","guid":{"rendered":"http:\/\/bazar.tellus.sk\/?post_type=product&#038;p=1461"},"modified":"2017-11-24T14:01:11","modified_gmt":"2017-11-24T12:01:11","slug":"draytek-vigor-2700vgst-t-com-dsl-router","status":"publish","type":"product","link":"http:\/\/bazar.tellus.sk\/?product=draytek-vigor-2700vgst-t-com-dsl-router","title":{"rendered":"DrayTek Vigor 2700VGST T- Com DSL Router"},"content":{"rendered":"<p>&#8211; Vzdie\u013ean\u00fd pr\u00edstup k internetu r\u00fdchlos\u0165ou 24 Mb\/s vr\u00e1tane prenosu hlasu.<br \/>\n&#8211; Bezdr\u00f4tov\u00fd pr\u00edstup klientom s r\u00fdchlos\u0165ou 54Mbps v 2,4GHz mode.<br \/>\n&#8211; Mo\u017enos\u0165ou telefonovania cez Internet iba cez SIP server Slovak Telekom<br \/>\n&#8211; Podpora funkci\u00ed ako s\u00fa: zv\u00fd\u0161en\u00e1 bezpe\u010dnos\u0165, vzdialen\u00fd pr\u00edstup, multimedi\u00e1lna podpora vr\u00e1tane hier, vytv\u00e1ranie virtu\u00e1lnych priv\u00e1tnych siet\u00ed cez internet.<\/p>\n<div id=\"themify_builder_content-1461\" data-postid=\"1461\" class=\"themify_builder_content themify_builder_content-1461 themify_builder\">\r\n\r\n    <\/div>\r\n<!-- \/themify_builder_content -->","protected":false},"excerpt":{"rendered":"<p>109900273528, SS2<\/p>\n","protected":false},"featured_media":1462,"comment_status":"closed","ping_status":"closed","template":"","meta":[],"product_cat":[63],"product_tag":[489],"class_list":{"0":"post-1461","1":"product","2":"type-product","3":"status-publish","4":"has-post-thumbnail","6":"product_cat-sietove-prvky","7":"product_tag-489","9":"first","10":"instock","11":"taxable","12":"shipping-taxable","13":"purchasable","14":"product-type-simple","15":"berocket_lgv_grid","16":"berocket_lgv_list_grid"},"aioseo_notices":[],"_links":{"self":[{"href":"http:\/\/bazar.tellus.sk\/index.php?rest_route=\/wp\/v2\/product\/1461","targetHints":{"allow":["GET"]}}],"collection":[{"href":"http:\/\/bazar.tellus.sk\/index.php?rest_route=\/wp\/v2\/product"}],"about":[{"href":"http:\/\/bazar.tellus.sk\/index.php?rest_route=\/wp\/v2\/types\/product"}],"replies":[{"embeddable":true,"href":"http:\/\/bazar.tellus.sk\/index.php?rest_route=%2Fwp%2Fv2%2Fcomments&post=1461"}],"wp:featuredmedia":[{"embeddable":true,"href":"http:\/\/bazar.tellus.sk\/index.php?rest_route=\/wp\/v2\/media\/1462"}],"wp:attachment":[{"href":"http:\/\/bazar.tellus.sk\/index.php?rest_route=%2Fwp%2Fv2%2Fmedia&parent=1461"}],"wp:term":[{"taxonomy":"product_cat","embeddable":true,"href":"http:\/\/bazar.tellus.sk\/index.php?rest_route=%2Fwp%2Fv2%2Fproduct_cat&post=1461"},{"taxonomy":"product_tag","embeddable":true,"href":"http:\/\/bazar.tellus.sk\/index.php?rest_route=%2Fwp%2Fv2%2Fproduct_tag&post=1461"}],"curies":[{"name":"wp","href":"https:\/\/api.w.org\/{rel}","templated":true}]}}