{"id":1404,"date":"2016-03-24T13:54:47","date_gmt":"2016-03-24T11:54:47","guid":{"rendered":"http:\/\/bazar.tellus.sk\/?post_type=product&#038;p=1404"},"modified":"2020-04-16T10:09:25","modified_gmt":"2020-04-16T08:09:25","slug":"siemens-gigaset-4000l-micro-domaci-bezdrotovy-telefon","status":"publish","type":"product","link":"http:\/\/bazar.tellus.sk\/?product=siemens-gigaset-4000l-micro-domaci-bezdrotovy-telefon","title":{"rendered":"Siemens Gigaset 4000L micro &#8211; Dom\u00e1ci bezdr\u00f4tovy telef\u00f3n"},"content":{"rendered":"<div id=\"themify_builder_content-1404\" data-postid=\"1404\" class=\"themify_builder_content themify_builder_content-1404 themify_builder\">\r\n\r\n    <\/div>\r\n<!-- \/themify_builder_content -->","protected":false},"excerpt":{"rendered":"<p>C39280-Z4-C373<\/p>\n","protected":false},"featured_media":1405,"comment_status":"closed","ping_status":"closed","template":"","meta":[],"product_cat":[159],"product_tag":[468],"class_list":{"0":"post-1404","1":"product","2":"type-product","3":"status-publish","4":"has-post-thumbnail","6":"product_cat-mobilne-telefony","7":"product_tag-c39280-z4-c373","9":"first","10":"outofstock","11":"taxable","12":"shipping-taxable","13":"purchasable","14":"product-type-simple","15":"berocket_lgv_grid","16":"berocket_lgv_list_grid"},"aioseo_notices":[],"_links":{"self":[{"href":"http:\/\/bazar.tellus.sk\/index.php?rest_route=\/wp\/v2\/product\/1404","targetHints":{"allow":["GET"]}}],"collection":[{"href":"http:\/\/bazar.tellus.sk\/index.php?rest_route=\/wp\/v2\/product"}],"about":[{"href":"http:\/\/bazar.tellus.sk\/index.php?rest_route=\/wp\/v2\/types\/product"}],"replies":[{"embeddable":true,"href":"http:\/\/bazar.tellus.sk\/index.php?rest_route=%2Fwp%2Fv2%2Fcomments&post=1404"}],"wp:featuredmedia":[{"embeddable":true,"href":"http:\/\/bazar.tellus.sk\/index.php?rest_route=\/wp\/v2\/media\/1405"}],"wp:attachment":[{"href":"http:\/\/bazar.tellus.sk\/index.php?rest_route=%2Fwp%2Fv2%2Fmedia&parent=1404"}],"wp:term":[{"taxonomy":"product_cat","embeddable":true,"href":"http:\/\/bazar.tellus.sk\/index.php?rest_route=%2Fwp%2Fv2%2Fproduct_cat&post=1404"},{"taxonomy":"product_tag","embeddable":true,"href":"http:\/\/bazar.tellus.sk\/index.php?rest_route=%2Fwp%2Fv2%2Fproduct_tag&post=1404"}],"curies":[{"name":"wp","href":"https:\/\/api.w.org\/{rel}","templated":true}]}}