{"id":1396,"date":"2016-03-24T13:34:49","date_gmt":"2016-03-24T11:34:49","guid":{"rendered":"http:\/\/bazar.tellus.sk\/?post_type=product&#038;p=1396"},"modified":"2016-03-24T14:31:35","modified_gmt":"2016-03-24T12:31:35","slug":"siemens-gigaset-c34-domaci-bezdrotovy-telefon","status":"publish","type":"product","link":"http:\/\/bazar.tellus.sk\/?product=siemens-gigaset-c34-domaci-bezdrotovy-telefon","title":{"rendered":"Siemens Gigaset C34 &#8211; Dom\u00e1ci bezdr\u00f4tov\u00fd telef\u00f3n"},"content":{"rendered":"<div id=\"themify_builder_content-1396\" data-postid=\"1396\" class=\"themify_builder_content themify_builder_content-1396 themify_builder\">\r\n\r\n    <\/div>\r\n<!-- \/themify_builder_content -->","protected":false},"excerpt":{"rendered":"<p>C39280-Z4-C494<\/p>\n","protected":false},"featured_media":1397,"comment_status":"closed","ping_status":"closed","template":"","meta":[],"product_cat":[159],"product_tag":[466],"class_list":{"0":"post-1396","1":"product","2":"type-product","3":"status-publish","4":"has-post-thumbnail","6":"product_cat-mobilne-telefony","7":"product_tag-c39280-z4-c494","9":"first","10":"instock","11":"taxable","12":"shipping-taxable","13":"purchasable","14":"product-type-simple","15":"berocket_lgv_grid","16":"berocket_lgv_list_grid"},"aioseo_notices":[],"_links":{"self":[{"href":"http:\/\/bazar.tellus.sk\/index.php?rest_route=\/wp\/v2\/product\/1396","targetHints":{"allow":["GET"]}}],"collection":[{"href":"http:\/\/bazar.tellus.sk\/index.php?rest_route=\/wp\/v2\/product"}],"about":[{"href":"http:\/\/bazar.tellus.sk\/index.php?rest_route=\/wp\/v2\/types\/product"}],"replies":[{"embeddable":true,"href":"http:\/\/bazar.tellus.sk\/index.php?rest_route=%2Fwp%2Fv2%2Fcomments&post=1396"}],"wp:featuredmedia":[{"embeddable":true,"href":"http:\/\/bazar.tellus.sk\/index.php?rest_route=\/wp\/v2\/media\/1397"}],"wp:attachment":[{"href":"http:\/\/bazar.tellus.sk\/index.php?rest_route=%2Fwp%2Fv2%2Fmedia&parent=1396"}],"wp:term":[{"taxonomy":"product_cat","embeddable":true,"href":"http:\/\/bazar.tellus.sk\/index.php?rest_route=%2Fwp%2Fv2%2Fproduct_cat&post=1396"},{"taxonomy":"product_tag","embeddable":true,"href":"http:\/\/bazar.tellus.sk\/index.php?rest_route=%2Fwp%2Fv2%2Fproduct_tag&post=1396"}],"curies":[{"name":"wp","href":"https:\/\/api.w.org\/{rel}","templated":true}]}}