{"id":1391,"date":"2016-03-24T12:59:43","date_gmt":"2016-03-24T10:59:43","guid":{"rendered":"http:\/\/bazar.tellus.sk\/?post_type=product&#038;p=1391"},"modified":"2018-01-31T00:34:20","modified_gmt":"2018-01-30T22:34:20","slug":"maticna-doska-msi-945gcm478-l","status":"publish","type":"product","link":"http:\/\/bazar.tellus.sk\/?product=maticna-doska-msi-945gcm478-l","title":{"rendered":"Mati\u010dn\u00e1 Doska &#8211; MSI 945GCM478 &#8211; L"},"content":{"rendered":"<p>P\u00e4tica &#8211; Socket 478<br \/>\nSloty<br \/>\n2x DDR2 (max 4GB)<br \/>\n1x PCI Express<br \/>\n2x PCI<br \/>\nIntegrovan\u00e1 VGA (max 128MB)<br \/>\nIntegrovan\u00e1 Audio 7.1<\/p>\n<div id=\"themify_builder_content-1391\" data-postid=\"1391\" class=\"themify_builder_content themify_builder_content-1391 themify_builder\">\r\n\r\n    <\/div>\r\n<!-- \/themify_builder_content -->","protected":false},"excerpt":{"rendered":"<p>601-7536-010B0807023799<\/p>\n","protected":false},"featured_media":1392,"comment_status":"closed","ping_status":"closed","template":"","meta":[],"product_cat":[644],"product_tag":[465],"class_list":{"0":"post-1391","1":"product","2":"type-product","3":"status-publish","4":"has-post-thumbnail","6":"product_cat-maticne-dosky-pc-prislusenstvo","7":"product_tag-601-7536-010b0807023799","9":"first","10":"outofstock","11":"taxable","12":"shipping-taxable","13":"purchasable","14":"product-type-simple","15":"berocket_lgv_grid","16":"berocket_lgv_list_grid"},"aioseo_notices":[],"_links":{"self":[{"href":"http:\/\/bazar.tellus.sk\/index.php?rest_route=\/wp\/v2\/product\/1391","targetHints":{"allow":["GET"]}}],"collection":[{"href":"http:\/\/bazar.tellus.sk\/index.php?rest_route=\/wp\/v2\/product"}],"about":[{"href":"http:\/\/bazar.tellus.sk\/index.php?rest_route=\/wp\/v2\/types\/product"}],"replies":[{"embeddable":true,"href":"http:\/\/bazar.tellus.sk\/index.php?rest_route=%2Fwp%2Fv2%2Fcomments&post=1391"}],"wp:featuredmedia":[{"embeddable":true,"href":"http:\/\/bazar.tellus.sk\/index.php?rest_route=\/wp\/v2\/media\/1392"}],"wp:attachment":[{"href":"http:\/\/bazar.tellus.sk\/index.php?rest_route=%2Fwp%2Fv2%2Fmedia&parent=1391"}],"wp:term":[{"taxonomy":"product_cat","embeddable":true,"href":"http:\/\/bazar.tellus.sk\/index.php?rest_route=%2Fwp%2Fv2%2Fproduct_cat&post=1391"},{"taxonomy":"product_tag","embeddable":true,"href":"http:\/\/bazar.tellus.sk\/index.php?rest_route=%2Fwp%2Fv2%2Fproduct_tag&post=1391"}],"curies":[{"name":"wp","href":"https:\/\/api.w.org\/{rel}","templated":true}]}}