{"id":32,"date":"2015-02-09T23:52:15","date_gmt":"2015-02-09T21:52:15","guid":{"rendered":"http:\/\/bazar.tellus.sk\/?page_id=32"},"modified":"2015-02-15T00:35:29","modified_gmt":"2015-02-14T22:35:29","slug":"kontakt","status":"publish","type":"page","link":"http:\/\/bazar.tellus.sk\/?page_id=32","title":{"rendered":"Kontakt"},"content":{"rendered":"<div class=\"contact_container\">\n<div class=\"contact_text_container\">\n<div class=\"contact_name\">\n<h3>TELLUS<\/h3>\n<\/div>\n<div class=\"contact_address\">\n<h4>S. Chal\u00fapku 12<br \/>\n07101 Michalovce<\/h4>\n<\/div>\n<div class=\"contact_info_frame\">\n<div class=\"contact_info_value\">I\u010cO &#8211; 40010775<\/div>\n<\/div>\n<div class=\"contact_info_frame\">\n<div class=\"contact_info_value\">I\u010c pre DPH &#8211; SK1042638586<\/div>\n<\/div>\n<div class=\"contact_info_frame\">\n<div class=\"contact_info_value\">E-mail &#8211; tellus@tellus.sk<\/div>\n<div class=\"contact_info_value\">\u00a0\u00a0\u00a0\u00a0\u00a0\u00a0\u00a0\u00a0\u00a0\u00a0\u00a0\u00a0\u00a0\u00a0\u00a0\u00a0\u00a0\u00a0 zadrobne@zadrobne.sk<\/div>\n<\/div>\n<div class=\"contact_info_frame\">\n<div class=\"contact_info_value\">Telef\u00f3n &#8211; 0915 383 333<\/div>\n<\/div>\n<div class=\"contact_info_frame\"><\/div>\n<\/div>\n<\/div>\n<div id=\"themify_builder_content-32\" data-postid=\"32\" class=\"themify_builder_content themify_builder_content-32 themify_builder\">\r\n\r\n    <\/div>\r\n<!-- \/themify_builder_content -->","protected":false},"excerpt":{"rendered":"<p>TELLUS S. Chal\u00fapku 12 07101 Michalovce I\u010cO &#8211; 40010775 I\u010c pre DPH &#8211; SK1042638586 E-mail &#8211; tellus@tellus.sk \u00a0\u00a0\u00a0\u00a0\u00a0\u00a0\u00a0\u00a0\u00a0\u00a0\u00a0\u00a0\u00a0\u00a0\u00a0\u00a0\u00a0\u00a0 zadrobne@zadrobne.sk Telef\u00f3n &#8211; 0915 383 333<\/p>\n","protected":false},"author":1,"featured_media":0,"parent":0,"menu_order":0,"comment_status":"open","ping_status":"open","template":"","meta":{"footnotes":""},"class_list":["post-32","page","type-page","status-publish","hentry"],"aioseo_notices":[],"_links":{"self":[{"href":"http:\/\/bazar.tellus.sk\/index.php?rest_route=\/wp\/v2\/pages\/32","targetHints":{"allow":["GET"]}}],"collection":[{"href":"http:\/\/bazar.tellus.sk\/index.php?rest_route=\/wp\/v2\/pages"}],"about":[{"href":"http:\/\/bazar.tellus.sk\/index.php?rest_route=\/wp\/v2\/types\/page"}],"author":[{"embeddable":true,"href":"http:\/\/bazar.tellus.sk\/index.php?rest_route=\/wp\/v2\/users\/1"}],"replies":[{"embeddable":true,"href":"http:\/\/bazar.tellus.sk\/index.php?rest_route=%2Fwp%2Fv2%2Fcomments&post=32"}],"version-history":[{"count":2,"href":"http:\/\/bazar.tellus.sk\/index.php?rest_route=\/wp\/v2\/pages\/32\/revisions"}],"predecessor-version":[{"id":176,"href":"http:\/\/bazar.tellus.sk\/index.php?rest_route=\/wp\/v2\/pages\/32\/revisions\/176"}],"wp:attachment":[{"href":"http:\/\/bazar.tellus.sk\/index.php?rest_route=%2Fwp%2Fv2%2Fmedia&parent=32"}],"curies":[{"name":"wp","href":"https:\/\/api.w.org\/{rel}","templated":true}]}}